{"id":2524,"date":"2025-10-11T13:14:12","date_gmt":"2025-10-11T13:14:12","guid":{"rendered":"https:\/\/themelrosecafebcn.com\/?page_id=2524"},"modified":"2025-10-11T13:17:48","modified_gmt":"2025-10-11T13:17:48","slug":"gracias","status":"publish","type":"page","link":"https:\/\/themelrosecafebcn.com\/en\/gracias\/","title":{"rendered":"Gracias"},"content":{"rendered":"<div data-elementor-type=\"wp-page\" data-elementor-id=\"2524\" class=\"elementor elementor-2524\" data-elementor-post-type=\"page\">\n\t\t\t\t<div class=\"elementor-element elementor-element-54896da e-flex e-con-boxed e-con e-parent\" data-id=\"54896da\" data-element_type=\"container\" data-e-type=\"container\" data-settings=\"{&quot;background_background&quot;:&quot;classic&quot;}\">\n\t\t\t\t\t<div class=\"e-con-inner\">\n\t\t<div class=\"elementor-element elementor-element-6998329 e-flex e-con-boxed e-con e-child\" data-id=\"6998329\" data-element_type=\"container\" data-e-type=\"container\" data-settings=\"{&quot;background_background&quot;:&quot;classic&quot;}\">\n\t\t\t\t\t<div class=\"e-con-inner\">\n\t\t\t\t<div class=\"elementor-element elementor-element-1804364 elementor-widget elementor-widget-heading\" data-id=\"1804364\" data-element_type=\"widget\" data-e-type=\"widget\" data-widget_type=\"heading.default\">\n\t\t\t\t<div class=\"elementor-widget-container\">\n\t\t\t\t\t<h1 class=\"elementor-heading-title elementor-size-default\">Gracias!<\/h1>\t\t\t\t<\/div>\n\t\t\t\t<\/div>\n\t\t\t\t<div class=\"elementor-element elementor-element-40f3785 elementor-widget elementor-widget-image\" data-id=\"40f3785\" data-element_type=\"widget\" data-e-type=\"widget\" data-widget_type=\"image.default\">\n\t\t\t\t<div class=\"elementor-widget-container\">\n\t\t\t\t\t\t\t\t\t\t\t\t\t\t\t<img fetchpriority=\"high\" decoding=\"async\" width=\"200\" height=\"300\" src=\"https:\/\/themelrosecafebcn.com\/wp-content\/uploads\/2025\/07\/themelrose_411-copie-min-200x300.jpg\" class=\"attachment-medium size-medium wp-image-2470\" alt=\"Melrose Brunch Barcelona\" srcset=\"https:\/\/themelrosecafebcn.com\/wp-content\/uploads\/2025\/07\/themelrose_411-copie-min-200x300.jpg 200w, https:\/\/themelrosecafebcn.com\/wp-content\/uploads\/2025\/07\/themelrose_411-copie-min-682x1024.jpg 682w, https:\/\/themelrosecafebcn.com\/wp-content\/uploads\/2025\/07\/themelrose_411-copie-min-768x1154.jpg 768w, https:\/\/themelrosecafebcn.com\/wp-content\/uploads\/2025\/07\/themelrose_411-copie-min-1022x1536.jpg 1022w, https:\/\/themelrosecafebcn.com\/wp-content\/uploads\/2025\/07\/themelrose_411-copie-min-8x12.jpg 8w, https:\/\/themelrosecafebcn.com\/wp-content\/uploads\/2025\/07\/themelrose_411-copie-min.jpg 1363w\" sizes=\"(max-width: 200px) 100vw, 200px\" \/>\t\t\t\t\t\t\t\t\t\t\t\t\t\t\t<\/div>\n\t\t\t\t<\/div>\n\t\t\t\t<div class=\"elementor-element elementor-element-ef57bc9 elementor-widget elementor-widget-text-editor\" data-id=\"ef57bc9\" data-element_type=\"widget\" data-e-type=\"widget\" data-widget_type=\"text-editor.default\">\n\t\t\t\t<div class=\"elementor-widget-container\">\n\t\t\t\t\t\t\t\t\t<p data-start=\"0\" data-end=\"169\">Estamos felices de darle la bienvenida a <strong data-start=\"41\" data-end=\"65\">The Melrose Caf\u00e9 BCN<\/strong> \ud83c\udf38, donde podr\u00e1 disfrutar de una experiencia \u00fanica de <strong data-start=\"120\" data-end=\"166\">brunch instagrameable y sabores deliciosos<\/strong>.<\/p><p data-start=\"171\" data-end=\"289\">Si tiene cualquier duda o desea m\u00e1s informaci\u00f3n, puede llamarnos o escribirnos por <strong data-start=\"254\" data-end=\"286\">WhatsApp al +34 936 45 98 61<\/strong>.<\/p><p data-start=\"291\" data-end=\"400\" data-is-last-node=\"\" data-is-only-node=\"\">\u2728 \u00a1Le esperamos muy pronto en The Melrose Caf\u00e9 BCN para vivir un momento dulce, bonito y lleno de encanto! \ud83d\udc95<\/p>\t\t\t\t\t\t\t\t<\/div>\n\t\t\t\t<\/div>\n\t\t\t\t\t<\/div>\n\t\t\t\t<\/div>\n\t\t\t\t\t<\/div>\n\t\t\t\t<\/div>\n\t\t<div class=\"elementor-element elementor-element-75ee7e5 e-flex e-con-boxed e-con e-parent\" data-id=\"75ee7e5\" data-element_type=\"container\" data-e-type=\"container\" data-settings=\"{&quot;background_background&quot;:&quot;classic&quot;}\">\n\t\t\t\t\t<div class=\"e-con-inner\">\n\t\t\t\t\t<\/div>\n\t\t\t\t<\/div>\n\t\t\t\t<\/div>","protected":false},"excerpt":{"rendered":"<p>Gracias! Estamos felices de darle la bienvenida a The Melrose Caf\u00e9 BCN \ud83c\udf38, donde podr\u00e1 disfrutar de una experiencia \u00fanica de brunch instagrameable y sabores deliciosos. Si tiene cualquier duda o desea m\u00e1s informaci\u00f3n, puede llamarnos o escribirnos por WhatsApp al +34 936 45 98 61. \u2728 \u00a1Le esperamos muy pronto en The Melrose Caf\u00e9 [&hellip;]<\/p>\n","protected":false},"author":1,"featured_media":0,"parent":0,"menu_order":0,"comment_status":"closed","ping_status":"closed","template":"","meta":{"_joinchat":[],"footnotes":""},"class_list":["post-2524","page","type-page","status-publish","hentry"],"_links":{"self":[{"href":"https:\/\/themelrosecafebcn.com\/en\/wp-json\/wp\/v2\/pages\/2524","targetHints":{"allow":["GET"]}}],"collection":[{"href":"https:\/\/themelrosecafebcn.com\/en\/wp-json\/wp\/v2\/pages"}],"about":[{"href":"https:\/\/themelrosecafebcn.com\/en\/wp-json\/wp\/v2\/types\/page"}],"author":[{"embeddable":true,"href":"https:\/\/themelrosecafebcn.com\/en\/wp-json\/wp\/v2\/users\/1"}],"replies":[{"embeddable":true,"href":"https:\/\/themelrosecafebcn.com\/en\/wp-json\/wp\/v2\/comments?post=2524"}],"version-history":[{"count":0,"href":"https:\/\/themelrosecafebcn.com\/en\/wp-json\/wp\/v2\/pages\/2524\/revisions"}],"wp:attachment":[{"href":"https:\/\/themelrosecafebcn.com\/en\/wp-json\/wp\/v2\/media?parent=2524"}],"curies":[{"name":"wp","href":"https:\/\/api.w.org\/{rel}","templated":true}]}}