{"id":1273,"date":"2025-05-02T11:40:46","date_gmt":"2025-05-02T11:40:46","guid":{"rendered":"https:\/\/themelrosecafebcn.com\/?page_id=1273"},"modified":"2025-07-03T16:45:36","modified_gmt":"2025-07-03T16:45:36","slug":"franquicias","status":"publish","type":"page","link":"https:\/\/themelrosecafebcn.com\/fr\/opportunites-de-franchise\/","title":{"rendered":"Opportunit\u00e9s de franchise"},"content":{"rendered":"<div data-elementor-type=\"wp-page\" data-elementor-id=\"1273\" class=\"elementor elementor-1273\" data-elementor-post-type=\"page\">\n\t\t\t\t<div class=\"elementor-element elementor-element-2f4106ee e-flex e-con-boxed e-con e-parent\" data-id=\"2f4106ee\" data-element_type=\"container\" data-e-type=\"container\" data-settings=\"{&quot;background_background&quot;:&quot;classic&quot;}\">\n\t\t\t\t\t<div class=\"e-con-inner\">\n\t\t<div class=\"elementor-element elementor-element-42f312da e-flex e-con-boxed e-con e-child\" data-id=\"42f312da\" data-element_type=\"container\" data-e-type=\"container\" data-settings=\"{&quot;background_background&quot;:&quot;classic&quot;}\">\n\t\t\t\t\t<div class=\"e-con-inner\">\n\t\t\t\t<div class=\"elementor-element elementor-element-3f9e9670 elementor-widget elementor-widget-heading\" data-id=\"3f9e9670\" data-element_type=\"widget\" data-e-type=\"widget\" data-widget_type=\"heading.default\">\n\t\t\t\t<div class=\"elementor-widget-container\">\n\t\t\t\t\t<h1 class=\"elementor-heading-title elementor-size-default\">Opportunit\u00e9s de franchise<\/h1>\t\t\t\t<\/div>\n\t\t\t\t<\/div>\n\t\t\t\t\t<\/div>\n\t\t\t\t<\/div>\n\t\t\t\t\t<\/div>\n\t\t\t\t<\/div>\n\t\t<div class=\"elementor-element elementor-element-ec5a75f e-flex e-con-boxed e-con e-parent\" data-id=\"ec5a75f\" data-element_type=\"container\" data-e-type=\"container\" data-settings=\"{&quot;background_background&quot;:&quot;classic&quot;}\">\n\t\t\t\t\t<div class=\"e-con-inner\">\n\t\t<div class=\"elementor-element elementor-element-c7a7b5b e-con-full e-flex e-con e-child\" data-id=\"c7a7b5b\" data-element_type=\"container\" data-e-type=\"container\" data-settings=\"{&quot;background_background&quot;:&quot;classic&quot;}\">\n\t\t<div class=\"elementor-element elementor-element-1d30fa5 e-con-full e-flex e-con e-child\" data-id=\"1d30fa5\" data-element_type=\"container\" data-e-type=\"container\">\n\t\t\t\t<div class=\"elementor-element elementor-element-dfd08c8 elementor-invisible elementor-widget elementor-widget-image\" data-id=\"dfd08c8\" data-element_type=\"widget\" data-e-type=\"widget\" data-settings=\"{&quot;_animation&quot;:&quot;fadeInLeft&quot;}\" data-widget_type=\"image.default\">\n\t\t\t\t<div class=\"elementor-widget-container\">\n\t\t\t\t\t\t\t\t\t\t\t\t\t\t\t<img fetchpriority=\"high\" decoding=\"async\" width=\"1363\" height=\"2048\" src=\"https:\/\/themelrosecafebcn.com\/wp-content\/uploads\/2025\/04\/themelrose-3.jpg\" class=\"attachment-full size-full wp-image-1006\" alt=\"\" srcset=\"https:\/\/themelrosecafebcn.com\/wp-content\/uploads\/2025\/04\/themelrose-3.jpg 1363w, https:\/\/themelrosecafebcn.com\/wp-content\/uploads\/2025\/04\/themelrose-3-200x300.jpg 200w, https:\/\/themelrosecafebcn.com\/wp-content\/uploads\/2025\/04\/themelrose-3-682x1024.jpg 682w, https:\/\/themelrosecafebcn.com\/wp-content\/uploads\/2025\/04\/themelrose-3-768x1154.jpg 768w, https:\/\/themelrosecafebcn.com\/wp-content\/uploads\/2025\/04\/themelrose-3-133x200.jpg 133w, https:\/\/themelrosecafebcn.com\/wp-content\/uploads\/2025\/04\/themelrose-3-1022x1536.jpg 1022w\" sizes=\"(max-width: 1363px) 100vw, 1363px\" \/>\t\t\t\t\t\t\t\t\t\t\t\t\t\t\t<\/div>\n\t\t\t\t<\/div>\n\t\t\t\t<\/div>\n\t\t<div class=\"elementor-element elementor-element-646d3d7 e-con-full e-flex e-con e-child\" data-id=\"646d3d7\" data-element_type=\"container\" data-e-type=\"container\">\n\t\t\t\t<div class=\"elementor-element elementor-element-c16902c elementor-widget elementor-widget-heading\" data-id=\"c16902c\" data-element_type=\"widget\" data-e-type=\"widget\" data-widget_type=\"heading.default\">\n\t\t\t\t<div class=\"elementor-widget-container\">\n\t\t\t\t\t<h2 class=\"elementor-heading-title elementor-size-default\">The Melrose Caf\u00e9 est un restaurant de brunch pas comme les autres.<\/h2>\t\t\t\t<\/div>\n\t\t\t\t<\/div>\n\t\t\t\t<div class=\"elementor-element elementor-element-03a0510 elementor-widget elementor-widget-text-editor\" data-id=\"03a0510\" data-element_type=\"widget\" data-e-type=\"widget\" data-widget_type=\"text-editor.default\">\n\t\t\t\t<div class=\"elementor-widget-container\">\n\t\t\t\t\t\t\t\t\t<p><span style=\"font-weight: 400;\">Un espace o\u00f9 les vibes d\u00e9tendues et l\u2019esth\u00e9tique se rencontrent, o\u00f9 chaque d\u00e9tail est soigneusement pens\u00e9 : du design de l\u2019espace au go\u00fbt de chaque plat. Un lieu pour profiter sans souci, pour partager, pour vivre une exp\u00e9rience compl\u00e8te\u2026 sans complications.<\/span><\/p><p><span style=\"font-weight: 400;\">Situ\u00e9 en plein c\u0153ur de Barcelone, Melrose a conquis une client\u00e8le fid\u00e8le gr\u00e2ce \u00e0 son atmosph\u00e8re chaleureuse, son design original et sa capacit\u00e9 \u00e0 r\u00e9inventer le brunch, du matin au soir.<\/span><\/p><p><span style=\"font-weight: 400;\">C\u2019est pourquoi nous avons l\u2019opportunit\u00e9 d\u2019\u00e9tendre le concept en France, avec un mod\u00e8le \u00e9prouv\u00e9 et rentable, enti\u00e8rement soutenu.<\/span><\/p>\t\t\t\t\t\t\t\t<\/div>\n\t\t\t\t<\/div>\n\t\t\t\t<\/div>\n\t\t\t\t<\/div>\n\t\t\t\t\t<\/div>\n\t\t\t\t<\/div>\n\t\t<div class=\"elementor-element elementor-element-92cd318 e-flex e-con-boxed e-con e-parent\" data-id=\"92cd318\" data-element_type=\"container\" data-e-type=\"container\" data-settings=\"{&quot;background_background&quot;:&quot;classic&quot;}\">\n\t\t\t\t\t<div class=\"e-con-inner\">\n\t\t<div class=\"elementor-element elementor-element-0c145e3 e-con-full e-flex e-con e-child\" data-id=\"0c145e3\" data-element_type=\"container\" data-e-type=\"container\" data-settings=\"{&quot;background_background&quot;:&quot;classic&quot;}\">\n\t\t<div class=\"elementor-element elementor-element-7553f98 e-con-full e-flex e-con e-child\" data-id=\"7553f98\" data-element_type=\"container\" data-e-type=\"container\">\n\t\t\t\t<div class=\"elementor-element elementor-element-9ad892c elementor-widget elementor-widget-heading\" data-id=\"9ad892c\" data-element_type=\"widget\" data-e-type=\"widget\" data-widget_type=\"heading.default\">\n\t\t\t\t<div class=\"elementor-widget-container\">\n\t\t\t\t\t<h2 class=\"elementor-heading-title elementor-size-default\">Un brunch avec de l'\u00e2me: d\u00e9tendu, moderne et traditionnel.<\/h2>\t\t\t\t<\/div>\n\t\t\t\t<\/div>\n\t\t\t\t<div class=\"elementor-element elementor-element-cb4ffa4 elementor-widget elementor-widget-text-editor\" data-id=\"cb4ffa4\" data-element_type=\"widget\" data-e-type=\"widget\" data-widget_type=\"text-editor.default\">\n\t\t\t\t<div class=\"elementor-widget-container\">\n\t\t\t\t\t\t\t\t\t<p><span style=\"font-weight: 400;\">Melrose n'est pas un restaurant gastronomique ni un endroit de brunch traditionnel. C'est un concept de brunch frais, cr\u00e9atif et flexible qui allie :<\/span><\/p><ul><li><span style=\"font-weight: 400;\"> Des pancakes moelleux accompagn\u00e9s de douceurs et de salades<\/span><\/li><li><span style=\"font-weight: 400;\"> Des toasts et des croissants pr\u00e9par\u00e9s avec des produits de haute qualit\u00e9<\/span><\/li><li><span style=\"font-weight: 400;\"> Des mocktails faits maison, des caf\u00e9s sp\u00e9ciaux, des lattes et des boissons tendance<\/span><\/li><li><span style=\"font-weight: 400;\"> Des plats originaux et dignes d'Instagram<\/span><\/li><\/ul><p><span style=\"font-weight: 400;\">Le menu \u00e9volue en fonction des tendances actuelles, int\u00e9grant de nouveaux d\u00e9veloppements de produits, des formats visuels et des propositions qui s\u00e9duisent la nouvelle g\u00e9n\u00e9ration de foodies et d'amateurs de brunch.<\/span><\/p>\t\t\t\t\t\t\t\t<\/div>\n\t\t\t\t<\/div>\n\t\t\t\t<\/div>\n\t\t<div class=\"elementor-element elementor-element-3847294 e-con-full e-flex e-con e-child\" data-id=\"3847294\" data-element_type=\"container\" data-e-type=\"container\">\n\t\t\t\t<div class=\"elementor-element elementor-element-885d557 elementor-invisible elementor-widget elementor-widget-image\" data-id=\"885d557\" data-element_type=\"widget\" data-e-type=\"widget\" data-settings=\"{&quot;_animation&quot;:&quot;fadeInRight&quot;}\" data-widget_type=\"image.default\">\n\t\t\t\t<div class=\"elementor-widget-container\">\n\t\t\t\t\t\t\t\t\t\t\t\t\t\t\t<img decoding=\"async\" width=\"700\" height=\"933\" src=\"https:\/\/themelrosecafebcn.com\/wp-content\/uploads\/2025\/05\/themelrose-restaurante-franquicias.webp\" class=\"attachment-full size-full wp-image-1325\" alt=\"\" srcset=\"https:\/\/themelrosecafebcn.com\/wp-content\/uploads\/2025\/05\/themelrose-restaurante-franquicias.webp 700w, https:\/\/themelrosecafebcn.com\/wp-content\/uploads\/2025\/05\/themelrose-restaurante-franquicias-225x300.webp 225w, https:\/\/themelrosecafebcn.com\/wp-content\/uploads\/2025\/05\/themelrose-restaurante-franquicias-150x200.webp 150w\" sizes=\"(max-width: 700px) 100vw, 700px\" \/>\t\t\t\t\t\t\t\t\t\t\t\t\t\t\t<\/div>\n\t\t\t\t<\/div>\n\t\t\t\t<\/div>\n\t\t\t\t<\/div>\n\t\t\t\t\t<\/div>\n\t\t\t\t<\/div>\n\t\t<div class=\"elementor-element elementor-element-0f098d8 e-flex e-con-boxed e-con e-parent\" data-id=\"0f098d8\" data-element_type=\"container\" data-e-type=\"container\" data-settings=\"{&quot;background_background&quot;:&quot;classic&quot;}\">\n\t\t\t\t\t<div class=\"e-con-inner\">\n\t\t<div class=\"elementor-element elementor-element-0c709d2 e-con-full e-flex e-con e-child\" data-id=\"0c709d2\" data-element_type=\"container\" data-e-type=\"container\" data-settings=\"{&quot;background_background&quot;:&quot;classic&quot;}\">\n\t\t<div class=\"elementor-element elementor-element-2abac65 e-con-full e-flex e-con e-child\" data-id=\"2abac65\" data-element_type=\"container\" data-e-type=\"container\">\n\t\t\t\t<div class=\"elementor-element elementor-element-355c542 elementor-invisible elementor-widget elementor-widget-image\" data-id=\"355c542\" data-element_type=\"widget\" data-e-type=\"widget\" data-settings=\"{&quot;_animation&quot;:&quot;fadeInLeft&quot;}\" data-widget_type=\"image.default\">\n\t\t\t\t<div class=\"elementor-widget-container\">\n\t\t\t\t\t\t\t\t\t\t\t\t\t\t\t<img decoding=\"async\" width=\"700\" height=\"933\" src=\"https:\/\/themelrosecafebcn.com\/wp-content\/uploads\/2025\/05\/themelrose-13-1.webp\" class=\"attachment-full size-full wp-image-1326\" alt=\"themelrose 13 (1)\" srcset=\"https:\/\/themelrosecafebcn.com\/wp-content\/uploads\/2025\/05\/themelrose-13-1.webp 700w, https:\/\/themelrosecafebcn.com\/wp-content\/uploads\/2025\/05\/themelrose-13-1-225x300.webp 225w, https:\/\/themelrosecafebcn.com\/wp-content\/uploads\/2025\/05\/themelrose-13-1-150x200.webp 150w\" sizes=\"(max-width: 700px) 100vw, 700px\" \/>\t\t\t\t\t\t\t\t\t\t\t\t\t\t\t<\/div>\n\t\t\t\t<\/div>\n\t\t\t\t<\/div>\n\t\t<div class=\"elementor-element elementor-element-7309fed e-con-full e-flex e-con e-child\" data-id=\"7309fed\" data-element_type=\"container\" data-e-type=\"container\">\n\t\t\t\t<div class=\"elementor-element elementor-element-e3f63b4 elementor-widget elementor-widget-heading\" data-id=\"e3f63b4\" data-element_type=\"widget\" data-e-type=\"widget\" data-widget_type=\"heading.default\">\n\t\t\t\t<div class=\"elementor-widget-container\">\n\t\t\t\t\t<h2 class=\"elementor-heading-title elementor-size-default\">Un mod\u00e8le rentable alliant design et exp\u00e9rience<\/h2>\t\t\t\t<\/div>\n\t\t\t\t<\/div>\n\t\t\t\t<div class=\"elementor-element elementor-element-92adae0 elementor-widget elementor-widget-text-editor\" data-id=\"92adae0\" data-element_type=\"widget\" data-e-type=\"widget\" data-widget_type=\"text-editor.default\">\n\t\t\t\t<div class=\"elementor-widget-container\">\n\t\t\t\t\t\t\t\t\t<p><span style=\"font-weight: 400;\">The Melrose Caf\u00e9 combine ce qui est le plus pr\u00e9cieux pour nos nouveaux consommateurs:<\/span><\/p><ul><li><span style=\"font-weight: 400;\"> Un excellent emplacement, bien d\u00e9cor\u00e9, \"Instagrammable\" et confortable<\/span><\/li><li><span style=\"font-weight: 400;\"> Une exp\u00e9rience d\u00e9tendue mais soigneusement pens\u00e9e, sans pr\u00e9tention<\/span><\/li><li><span style=\"font-weight: 400;\"> Une identit\u00e9 de marque claire et attrayante<\/span><\/li><li><span style=\"font-weight: 400;\"> Un menu innovant et bien con\u00e7u<\/span><\/li><li><span style=\"font-weight: 400;\"> Un mod\u00e8le de rentabilit\u00e9 prouv\u00e9 (brunch + service du soir)<\/span><\/li><li><span style=\"font-weight: 400;\"> Des strat\u00e9gies de marketing actives et num\u00e9riques, et des adaptations \u00e0 l\u2019environnement local<\/span><\/li><\/ul>\t\t\t\t\t\t\t\t<\/div>\n\t\t\t\t<\/div>\n\t\t\t\t<\/div>\n\t\t\t\t<\/div>\n\t\t\t\t\t<\/div>\n\t\t\t\t<\/div>\n\t\t<div class=\"elementor-element elementor-element-85a5e68 e-flex e-con-boxed e-con e-parent\" data-id=\"85a5e68\" data-element_type=\"container\" data-e-type=\"container\" data-settings=\"{&quot;background_background&quot;:&quot;classic&quot;}\">\n\t\t\t\t\t<div class=\"e-con-inner\">\n\t\t<div class=\"elementor-element elementor-element-daf5507 e-con-full e-flex e-con e-child\" data-id=\"daf5507\" data-element_type=\"container\" data-e-type=\"container\" data-settings=\"{&quot;background_background&quot;:&quot;classic&quot;}\">\n\t\t<div class=\"elementor-element elementor-element-cac8ad2 e-con-full e-flex e-con e-child\" data-id=\"cac8ad2\" data-element_type=\"container\" data-e-type=\"container\">\n\t\t\t\t<div class=\"elementor-element elementor-element-308fa84 elementor-widget elementor-widget-heading\" data-id=\"308fa84\" data-element_type=\"widget\" data-e-type=\"widget\" data-widget_type=\"heading.default\">\n\t\t\t\t<div class=\"elementor-widget-container\">\n\t\t\t\t\t<h2 class=\"elementor-heading-title elementor-size-default\"> Vous avez un espace bien situ\u00e9 ? Nous le transformerons en Melrose\u00a0<br \/>Cafe<\/h2>\t\t\t\t<\/div>\n\t\t\t\t<\/div>\n\t\t\t\t<div class=\"elementor-element elementor-element-5ae1b54 elementor-widget elementor-widget-text-editor\" data-id=\"5ae1b54\" data-element_type=\"widget\" data-e-type=\"widget\" data-widget_type=\"text-editor.default\">\n\t\t\t\t<div class=\"elementor-widget-container\">\n\t\t\t\t\t\t\t\t\t<p><span style=\"font-weight: 400;\">Si vous avez un espace commercial, notre \u00e9quipe peut prendre en charge l'ensemble du processus de transformation:<\/span><\/p><ul><li><span style=\"font-weight: 400;\"> Validation de l'emplacement<\/span><\/li><li><span style=\"font-weight: 400;\"> Conception du concept<\/span><\/li><li><span style=\"font-weight: 400;\"> R\u00e9novation et \u00e9quipement<\/span><\/li><li><span style=\"font-weight: 400;\"> Formation, manuels, branding<\/span><\/li><li><span style=\"font-weight: 400;\"> Plan d'ouverture et de communication<\/span><\/li><li><span style=\"font-weight: 400;\"> Support op\u00e9rationnel complet<\/span><\/li><\/ul>\t\t\t\t\t\t\t\t<\/div>\n\t\t\t\t<\/div>\n\t\t\t\t<\/div>\n\t\t<div class=\"elementor-element elementor-element-066cc6d e-con-full e-flex e-con e-child\" data-id=\"066cc6d\" data-element_type=\"container\" data-e-type=\"container\">\n\t\t\t\t<div class=\"elementor-element elementor-element-d4ac59b elementor-widget elementor-widget-heading\" data-id=\"d4ac59b\" data-element_type=\"widget\" data-e-type=\"widget\" data-widget_type=\"heading.default\">\n\t\t\t\t<div class=\"elementor-widget-container\">\n\t\t\t\t\t<h2 class=\"elementor-heading-title elementor-size-default\">Vous cherchez toujours un espace ? Nous avons \u00e9galement les listes suivantes pour mettre en \u0153uvre le concept.\n<\/h2>\t\t\t\t<\/div>\n\t\t\t\t<\/div>\n\t\t\t\t<div class=\"elementor-element elementor-element-4f343c3 elementor-widget elementor-widget-text-editor\" data-id=\"4f343c3\" data-element_type=\"widget\" data-e-type=\"widget\" data-widget_type=\"text-editor.default\">\n\t\t\t\t<div class=\"elementor-widget-container\">\n\t\t\t\t\t\t\t\t\t<p><span style=\"font-weight: 400;\">Contactez-nous avec les villes valid\u00e9es en Espagne et en Europe, ainsi que les pr\u00e9visions et les zones identifi\u00e9es comme id\u00e9ales pour accueillir votre Melrose Caf\u00e9. Nous proposons une implantation cl\u00e9 en main, vous accompagnant du d\u00e9but \u00e0 la fin.<\/span><\/p><p><span style=\"font-weight: 400;\">La franchise inclut :<\/span><\/p><ul><li><span style=\"font-weight: 400;\"> Analyse de faisabilit\u00e9 et \u00e9valuation de l'emplacement<\/span><\/li><li><span style=\"font-weight: 400;\"> Recherche ou validation de l'emplacement<\/span><\/li><li><span style=\"font-weight: 400;\"> Formation compl\u00e8te de l'\u00e9quipe<\/span><\/li><li><span style=\"font-weight: 400;\"> Menu, recettes, produits exclusifs<\/span><\/li><li><span style=\"font-weight: 400;\"> Manuel d'op\u00e9rations et de service client<\/span><\/li><li><span style=\"font-weight: 400;\"> Design graphique et d\u00e9coration<\/span><\/li><li><span style=\"font-weight: 400;\"> Kit de communication<\/span><\/li><li><span style=\"font-weight: 400;\"> Support continu avant et apr\u00e8s l'ouverture<\/span><\/li><\/ul>\t\t\t\t\t\t\t\t<\/div>\n\t\t\t\t<\/div>\n\t\t\t\t<\/div>\n\t\t\t\t<\/div>\n\t\t\t\t\t<\/div>\n\t\t\t\t<\/div>\n\t\t<div class=\"elementor-element elementor-element-dae62ae e-flex e-con-boxed e-con e-parent\" data-id=\"dae62ae\" data-element_type=\"container\" data-e-type=\"container\" data-settings=\"{&quot;background_background&quot;:&quot;classic&quot;}\">\n\t\t\t\t\t<div class=\"e-con-inner\">\n\t\t<div class=\"elementor-element elementor-element-652885e e-con-full e-flex e-con e-child\" data-id=\"652885e\" data-element_type=\"container\" data-e-type=\"container\" data-settings=\"{&quot;background_background&quot;:&quot;classic&quot;}\">\n\t\t<div class=\"elementor-element elementor-element-5e215bc e-con-full e-flex e-con e-child\" data-id=\"5e215bc\" data-element_type=\"container\" data-e-type=\"container\">\n\t\t\t\t<div class=\"elementor-element elementor-element-b3afd11 elementor-widget elementor-widget-heading\" data-id=\"b3afd11\" data-element_type=\"widget\" data-e-type=\"widget\" data-widget_type=\"heading.default\">\n\t\t\t\t<div class=\"elementor-widget-container\">\n\t\t\t\t\t<h2 class=\"elementor-heading-title elementor-size-default\">\u00c0 qui s'adresse cette franchise<\/h2>\t\t\t\t<\/div>\n\t\t\t\t<\/div>\n\t\t\t\t<div class=\"elementor-element elementor-element-0fd4f1c elementor-widget elementor-widget-text-editor\" data-id=\"0fd4f1c\" data-element_type=\"widget\" data-e-type=\"widget\" data-widget_type=\"text-editor.default\">\n\t\t\t\t<div class=\"elementor-widget-container\">\n\t\t\t\t\t\t\t\t\t<p><span style=\"font-weight: 400;\">Pour les personnes ayant une vision, une passion pour l'hospitalit\u00e9 et la capacit\u00e9 de diriger un projet moderne, rentable et centr\u00e9 sur l'humain.<\/span><\/p><p><span style=\"font-weight: 400;\">Que vous soyez un restaurateur \u00e9tabli, un entrepreneur ou en reconversion professionnelle, Melrose vous offre un concept avec de solides racines, une position de march\u00e9 solide et une r\u00e9elle demande.<\/span><\/p>\t\t\t\t\t\t\t\t<\/div>\n\t\t\t\t<\/div>\n\t\t\t\t<div class=\"elementor-element elementor-element-aa9cdd7 elementor-widget elementor-widget-heading\" data-id=\"aa9cdd7\" data-element_type=\"widget\" data-e-type=\"widget\" data-widget_type=\"heading.default\">\n\t\t\t\t<div class=\"elementor-widget-container\">\n\t\t\t\t\t<h2 class=\"elementor-heading-title elementor-size-default\">Appr\u00e9ciez-vous votre Melrose Caf\u00e9?<\/h2>\t\t\t\t<\/div>\n\t\t\t\t<\/div>\n\t\t\t\t<div class=\"elementor-element elementor-element-b3243c3 elementor-widget elementor-widget-text-editor\" data-id=\"b3243c3\" data-element_type=\"widget\" data-e-type=\"widget\" data-widget_type=\"text-editor.default\">\n\t\t\t\t<div class=\"elementor-widget-container\">\n\t\t\t\t\t\t\t\t\t<p><span style=\"font-weight: 400;\">La formule continuera, et notre \u00e9quipe prendra contact avec vous pour analyser votre ville, votre profil, ou vous proposer l'une des nouvelles opportunit\u00e9s disponibles.<\/span><\/p><p><span style=\"font-weight: 400;\">The Melrose Caf\u00e9 : brunch, style et rentabilit\u00e9, tout en un.<\/span><\/p>\t\t\t\t\t\t\t\t<\/div>\n\t\t\t\t<\/div>\n\t\t\t\t<div class=\"elementor-element elementor-element-852639a elementor-align-center elementor-invisible elementor-widget elementor-widget-button\" data-id=\"852639a\" data-element_type=\"widget\" data-e-type=\"widget\" data-settings=\"{&quot;_animation&quot;:&quot;fadeInUp&quot;}\" data-widget_type=\"button.default\">\n\t\t\t\t<div class=\"elementor-widget-container\">\n\t\t\t\t\t\t\t\t\t<div class=\"elementor-button-wrapper\">\n\t\t\t\t\t<a class=\"elementor-button elementor-button-link elementor-size-sm\" href=\"https:\/\/themelrosecafebcn.com\/fr\/contact\/\">\n\t\t\t\t\t\t<span class=\"elementor-button-content-wrapper\">\n\t\t\t\t\t\t\t\t\t<span class=\"elementor-button-text\">Devenez franchis\u00e9<\/span>\n\t\t\t\t\t<\/span>\n\t\t\t\t\t<\/a>\n\t\t\t\t<\/div>\n\t\t\t\t\t\t\t\t<\/div>\n\t\t\t\t<\/div>\n\t\t\t\t<\/div>\n\t\t\t\t<\/div>\n\t\t\t\t\t<\/div>\n\t\t\t\t<\/div>\n\t\t\t\t<\/div>","protected":false},"excerpt":{"rendered":"<p>The Melrose Caf\u00e9 es un restaurante de brunch diferente Un espacio donde el chill y la est\u00e9tica se dan cita, donde cada detalle es cuidado: desde el dise\u00f1o del local hasta el sabor de cada plato. Un lugar para disfrutar sin preocupaciones, para compartir, para vivir una experiencia plena\u2026 sin complicaciones. En pleno coraz\u00f3n de [&hellip;]<\/p>\n","protected":false},"author":1,"featured_media":0,"parent":0,"menu_order":0,"comment_status":"closed","ping_status":"closed","template":"","meta":{"_joinchat":[],"footnotes":""},"class_list":["post-1273","page","type-page","status-publish","hentry"],"_links":{"self":[{"href":"https:\/\/themelrosecafebcn.com\/fr\/wp-json\/wp\/v2\/pages\/1273","targetHints":{"allow":["GET"]}}],"collection":[{"href":"https:\/\/themelrosecafebcn.com\/fr\/wp-json\/wp\/v2\/pages"}],"about":[{"href":"https:\/\/themelrosecafebcn.com\/fr\/wp-json\/wp\/v2\/types\/page"}],"author":[{"embeddable":true,"href":"https:\/\/themelrosecafebcn.com\/fr\/wp-json\/wp\/v2\/users\/1"}],"replies":[{"embeddable":true,"href":"https:\/\/themelrosecafebcn.com\/fr\/wp-json\/wp\/v2\/comments?post=1273"}],"version-history":[{"count":0,"href":"https:\/\/themelrosecafebcn.com\/fr\/wp-json\/wp\/v2\/pages\/1273\/revisions"}],"wp:attachment":[{"href":"https:\/\/themelrosecafebcn.com\/fr\/wp-json\/wp\/v2\/media?parent=1273"}],"curies":[{"name":"wp","href":"https:\/\/api.w.org\/{rel}","templated":true}]}}