{"id":2590,"date":"2026-01-30T12:04:13","date_gmt":"2026-01-30T12:04:13","guid":{"rendered":"https:\/\/themelrosecafebcn.com\/?page_id=2590"},"modified":"2026-01-30T12:09:29","modified_gmt":"2026-01-30T12:09:29","slug":"sanvalentin","status":"publish","type":"page","link":"https:\/\/themelrosecafebcn.com\/fr\/sanvalentin\/","title":{"rendered":"Reservas San Valentin"},"content":{"rendered":"<div data-elementor-type=\"wp-page\" data-elementor-id=\"2590\" class=\"elementor elementor-2590\" data-elementor-post-type=\"page\">\n\t\t\t\t<div class=\"elementor-element elementor-element-54896da e-flex e-con-boxed e-con e-parent\" data-id=\"54896da\" data-element_type=\"container\" data-e-type=\"container\" data-settings=\"{&quot;background_background&quot;:&quot;classic&quot;}\">\n\t\t\t\t\t<div class=\"e-con-inner\">\n\t\t<div class=\"elementor-element elementor-element-6998329 e-flex e-con-boxed e-con e-child\" data-id=\"6998329\" data-element_type=\"container\" data-e-type=\"container\" data-settings=\"{&quot;background_background&quot;:&quot;classic&quot;}\">\n\t\t\t\t\t<div class=\"e-con-inner\">\n\t\t\t\t<div class=\"elementor-element elementor-element-1804364 elementor-widget elementor-widget-heading\" data-id=\"1804364\" data-element_type=\"widget\" data-e-type=\"widget\" data-widget_type=\"heading.default\">\n\t\t\t\t<div class=\"elementor-widget-container\">\n\t\t\t\t\t<h1 class=\"elementor-heading-title elementor-size-default\">R\u00e9server<\/h1>\t\t\t\t<\/div>\n\t\t\t\t<\/div>\n\t\t\t\t<div class=\"elementor-element elementor-element-40f3785 elementor-widget elementor-widget-image\" data-id=\"40f3785\" data-element_type=\"widget\" data-e-type=\"widget\" data-widget_type=\"image.default\">\n\t\t\t\t<div class=\"elementor-widget-container\">\n\t\t\t\t\t\t\t\t\t\t\t\t\t\t\t<img fetchpriority=\"high\" decoding=\"async\" width=\"768\" height=\"1152\" src=\"https:\/\/themelrosecafebcn.com\/wp-content\/uploads\/2026\/01\/WhatsApp-Image-2026-01-28-at-12.52.51-PM-768x1152.jpeg\" class=\"attachment-medium_large size-medium_large wp-image-2592\" alt=\"\" srcset=\"https:\/\/themelrosecafebcn.com\/wp-content\/uploads\/2026\/01\/WhatsApp-Image-2026-01-28-at-12.52.51-PM-768x1152.jpeg 768w, https:\/\/themelrosecafebcn.com\/wp-content\/uploads\/2026\/01\/WhatsApp-Image-2026-01-28-at-12.52.51-PM-200x300.jpeg 200w, https:\/\/themelrosecafebcn.com\/wp-content\/uploads\/2026\/01\/WhatsApp-Image-2026-01-28-at-12.52.51-PM-683x1024.jpeg 683w, https:\/\/themelrosecafebcn.com\/wp-content\/uploads\/2026\/01\/WhatsApp-Image-2026-01-28-at-12.52.51-PM-8x12.jpeg 8w, https:\/\/themelrosecafebcn.com\/wp-content\/uploads\/2026\/01\/WhatsApp-Image-2026-01-28-at-12.52.51-PM.jpeg 1024w\" sizes=\"(max-width: 768px) 100vw, 768px\" \/>\t\t\t\t\t\t\t\t\t\t\t\t\t\t\t<\/div>\n\t\t\t\t<\/div>\n\t\t\t\t<div class=\"elementor-element elementor-element-ef57bc9 elementor-widget elementor-widget-text-editor\" data-id=\"ef57bc9\" data-element_type=\"widget\" data-e-type=\"widget\" data-widget_type=\"text-editor.default\">\n\t\t\t\t<div class=\"elementor-widget-container\">\n\t\t\t\t\t\t\t\t\t<p><strong>\ud83d\udc96 SAN VALENT\u00cdN 2026 EN MELROSE CAF\u00c9 BCN<\/strong><br \/>El brunch y la cena m\u00e1s rom\u00e1nticos e instagrameables de Barcelona<\/p><p>\ud83d\udcc5 Viernes 14 de febrero de 2026<\/p><p>\u2728 Celebra el amor en un lugar m\u00e1gico, visual y lleno de encanto<\/p>\t\t\t\t\t\t\t\t<\/div>\n\t\t\t\t<\/div>\n\t\t\t\t<div class=\"elementor-element elementor-element-b172fa8 elementor-widget elementor-widget-text-editor\" data-id=\"b172fa8\" data-element_type=\"widget\" data-e-type=\"widget\" data-widget_type=\"text-editor.default\">\n\t\t\t\t<div class=\"elementor-widget-container\">\n\t\t\t\t\t\t\t\t\t<p>\u2764\ufe0f <strong>Este San Valent\u00edn, sorprende a tu pareja con una experiencia m\u00e1gica y rom\u00e1ntica<\/strong><\/p><p>En Melrose Caf\u00e9 BCN, hemos creado una <strong>celebraci\u00f3n especial<\/strong> para parejas que buscan algo diferente, bonito y memorable.<br \/>Un espacio floral de ensue\u00f1o, platos visuales y una atm\u00f3sfera \u00fanica en el <strong>coraz\u00f3n de Barcelona.<\/strong><\/p><p>\ud83d\udc49 <strong>Reserva tu mesa ahora<\/strong><\/p>\t\t\t\t\t\t\t\t<\/div>\n\t\t\t\t<\/div>\n\t\t\t\t\t<\/div>\n\t\t\t\t<\/div>\n\t\t\t\t\t<\/div>\n\t\t\t\t<\/div>\n\t\t<div class=\"elementor-element elementor-element-75ee7e5 e-flex e-con-boxed e-con e-parent\" data-id=\"75ee7e5\" data-element_type=\"container\" data-e-type=\"container\" data-settings=\"{&quot;background_background&quot;:&quot;classic&quot;}\">\n\t\t\t\t\t<div class=\"e-con-inner\">\n\t\t<div class=\"elementor-element elementor-element-7195cac e-con-full e-flex e-con e-child\" data-id=\"7195cac\" data-element_type=\"container\" data-e-type=\"container\" data-settings=\"{&quot;background_background&quot;:&quot;classic&quot;}\">\n\t\t<div class=\"elementor-element elementor-element-e64463b e-flex e-con-boxed e-con e-child\" data-id=\"e64463b\" data-element_type=\"container\" data-e-type=\"container\" data-settings=\"{&quot;background_background&quot;:&quot;classic&quot;}\">\n\t\t\t\t\t<div class=\"e-con-inner\">\n\t\t\t\t<div class=\"elementor-element elementor-element-e4e845c elementor-widget elementor-widget-html\" data-id=\"e4e845c\" data-element_type=\"widget\" data-e-type=\"widget\" data-widget_type=\"html.default\">\n\t\t\t\t<div class=\"elementor-widget-container\">\n\t\t\t\t\t<div id=\"contenedor-reserva\">\n        <script type=\"text\/javascript\" src=\"https:\/\/www.covermanager.com\/js\/iframeResizer.min.js\"><\/script>\n        <iframe id=\"iframe-reserva\" title=\"R\u00e9servations\"\n            src=\"https:\/\/www.covermanager.com\/reservation\/module_restaurant\/restaurante-melrosecafe\/spanish\"\n            allow=\"payment\" frameborder=\"0\" height=\"550\" width=\"100%\" onload=\"iFrameResize();\"><\/iframe>\n\n        <script>\n            document.addEventListener(\"DOMContentLoaded\", function () {\n                var idioma = document.documentElement.lang || \"es\";\n                var iframe = document.getElementById(\"iframe-reserva\");\n                var baseUrl = \"https:\/\/www.covermanager.com\/reservation\/module_restaurant\/restaurante-melrosecafe\/\";\n\n                if (idioma.startsWith(\"fr\")) {\n                    iframe.src = baseUrl + \"french\";\n                } else if (idioma.startsWith(\"en\")) {\n                    iframe.src = baseUrl + \"english\";\n                } else {\n                    iframe.src = baseUrl + \"spanish\";\n                }\n            });\n        <\/script>\n    <\/div>\r\n\t\t\t\t<\/div>\n\t\t\t\t<\/div>\n\t\t\t\t\t<\/div>\n\t\t\t\t<\/div>\n\t\t\t\t<\/div>\n\t\t\t\t\t<\/div>\n\t\t\t\t<\/div>\n\t\t\t\t<\/div>","protected":false},"excerpt":{"rendered":"<p>Reservar \ud83d\udc96 SAN VALENT\u00cdN 2026 EN MELROSE CAF\u00c9 BCNEl brunch y la cena m\u00e1s rom\u00e1nticos e instagrameables de Barcelona \ud83d\udcc5 Viernes 14 de febrero de 2026 \u2728 Celebra el amor en un lugar m\u00e1gico, visual y lleno de encanto \u2764\ufe0f Este San Valent\u00edn, sorprende a tu pareja con una experiencia m\u00e1gica y rom\u00e1ntica En Melrose [&hellip;]<\/p>\n","protected":false},"author":1,"featured_media":0,"parent":0,"menu_order":0,"comment_status":"closed","ping_status":"closed","template":"","meta":{"_joinchat":[],"footnotes":""},"class_list":["post-2590","page","type-page","status-publish","hentry"],"_links":{"self":[{"href":"https:\/\/themelrosecafebcn.com\/fr\/wp-json\/wp\/v2\/pages\/2590","targetHints":{"allow":["GET"]}}],"collection":[{"href":"https:\/\/themelrosecafebcn.com\/fr\/wp-json\/wp\/v2\/pages"}],"about":[{"href":"https:\/\/themelrosecafebcn.com\/fr\/wp-json\/wp\/v2\/types\/page"}],"author":[{"embeddable":true,"href":"https:\/\/themelrosecafebcn.com\/fr\/wp-json\/wp\/v2\/users\/1"}],"replies":[{"embeddable":true,"href":"https:\/\/themelrosecafebcn.com\/fr\/wp-json\/wp\/v2\/comments?post=2590"}],"version-history":[{"count":0,"href":"https:\/\/themelrosecafebcn.com\/fr\/wp-json\/wp\/v2\/pages\/2590\/revisions"}],"wp:attachment":[{"href":"https:\/\/themelrosecafebcn.com\/fr\/wp-json\/wp\/v2\/media?parent=2590"}],"curies":[{"name":"wp","href":"https:\/\/api.w.org\/{rel}","templated":true}]}}