{"id":808,"date":"2025-04-28T08:18:55","date_gmt":"2025-04-28T08:18:55","guid":{"rendered":"https:\/\/themelrosecafebcn.com\/reservas\/"},"modified":"2025-07-07T09:26:59","modified_gmt":"2025-07-07T09:26:59","slug":"reservas","status":"publish","type":"page","link":"https:\/\/themelrosecafebcn.com\/fr\/reserver\/","title":{"rendered":"R\u00e9servations"},"content":{"rendered":"<div data-elementor-type=\"wp-page\" data-elementor-id=\"808\" class=\"elementor elementor-808\" data-elementor-post-type=\"page\">\n\t\t\t\t<div class=\"elementor-element elementor-element-54896da e-flex e-con-boxed e-con e-parent\" data-id=\"54896da\" data-element_type=\"container\" data-e-type=\"container\" data-settings=\"{&quot;background_background&quot;:&quot;classic&quot;}\">\n\t\t\t\t\t<div class=\"e-con-inner\">\n\t\t<div class=\"elementor-element elementor-element-6998329 e-flex e-con-boxed e-con e-child\" data-id=\"6998329\" data-element_type=\"container\" data-e-type=\"container\" data-settings=\"{&quot;background_background&quot;:&quot;classic&quot;}\">\n\t\t\t\t\t<div class=\"e-con-inner\">\n\t\t\t\t<div class=\"elementor-element elementor-element-1804364 elementor-widget elementor-widget-heading\" data-id=\"1804364\" data-element_type=\"widget\" data-e-type=\"widget\" data-widget_type=\"heading.default\">\n\t\t\t\t<div class=\"elementor-widget-container\">\n\t\t\t\t\t<h1 class=\"elementor-heading-title elementor-size-default\">R\u00e9server<\/h1>\t\t\t\t<\/div>\n\t\t\t\t<\/div>\n\t\t\t\t<div class=\"elementor-element elementor-element-40f3785 elementor-widget elementor-widget-image\" data-id=\"40f3785\" data-element_type=\"widget\" data-e-type=\"widget\" data-widget_type=\"image.default\">\n\t\t\t\t<div class=\"elementor-widget-container\">\n\t\t\t\t\t\t\t\t\t\t\t\t\t\t\t<img fetchpriority=\"high\" decoding=\"async\" width=\"200\" height=\"300\" src=\"https:\/\/themelrosecafebcn.com\/wp-content\/uploads\/2025\/07\/themelrose_411-copie-min-200x300.jpg\" class=\"attachment-medium size-medium wp-image-2470\" alt=\"Melrose Brunch Barcelona\" srcset=\"https:\/\/themelrosecafebcn.com\/wp-content\/uploads\/2025\/07\/themelrose_411-copie-min-200x300.jpg 200w, https:\/\/themelrosecafebcn.com\/wp-content\/uploads\/2025\/07\/themelrose_411-copie-min-682x1024.jpg 682w, https:\/\/themelrosecafebcn.com\/wp-content\/uploads\/2025\/07\/themelrose_411-copie-min-768x1154.jpg 768w, https:\/\/themelrosecafebcn.com\/wp-content\/uploads\/2025\/07\/themelrose_411-copie-min-1022x1536.jpg 1022w, https:\/\/themelrosecafebcn.com\/wp-content\/uploads\/2025\/07\/themelrose_411-copie-min-8x12.jpg 8w, https:\/\/themelrosecafebcn.com\/wp-content\/uploads\/2025\/07\/themelrose_411-copie-min.jpg 1363w\" sizes=\"(max-width: 200px) 100vw, 200px\" \/>\t\t\t\t\t\t\t\t\t\t\t\t\t\t\t<\/div>\n\t\t\t\t<\/div>\n\t\t\t\t<div class=\"elementor-element elementor-element-ef57bc9 elementor-widget elementor-widget-text-editor\" data-id=\"ef57bc9\" data-element_type=\"widget\" data-e-type=\"widget\" data-widget_type=\"text-editor.default\">\n\t\t\t\t<div class=\"elementor-widget-container\">\n\t\t\t\t\t\t\t\t\t<p><strong>D\u00e9couvre l\u2019un des meilleurs brunchs de Barcelone au Melrose Caf\u00e9, le restaurant le plus visuel et cr\u00e9atif du centre-ville.<\/strong><\/p><p>O\u00f9 manger \u00e0 Barcelone ?<\/p><p>Ici, tu pourras d\u00e9guster des pancakes fluffy, des toasts fusion, des \u0153ufs B\u00e9n\u00e9dicte, du French toast, du matcha latte et des cocktails visuels dans une ambiance florale unique.<br \/><strong>R\u00e9serve ta table en ligne et vis le brunch le plus instagrammable de la ville !<\/strong><\/p>\t\t\t\t\t\t\t\t<\/div>\n\t\t\t\t<\/div>\n\t\t\t\t\t<\/div>\n\t\t\t\t<\/div>\n\t\t\t\t\t<\/div>\n\t\t\t\t<\/div>\n\t\t<div class=\"elementor-element elementor-element-75ee7e5 e-flex e-con-boxed e-con e-parent\" data-id=\"75ee7e5\" data-element_type=\"container\" data-e-type=\"container\" data-settings=\"{&quot;background_background&quot;:&quot;classic&quot;}\">\n\t\t\t\t\t<div class=\"e-con-inner\">\n\t\t<div class=\"elementor-element elementor-element-7195cac e-con-full e-flex e-con e-child\" data-id=\"7195cac\" data-element_type=\"container\" data-e-type=\"container\" data-settings=\"{&quot;background_background&quot;:&quot;classic&quot;}\">\n\t\t<div class=\"elementor-element elementor-element-e64463b e-flex e-con-boxed e-con e-child\" data-id=\"e64463b\" data-element_type=\"container\" data-e-type=\"container\" data-settings=\"{&quot;background_background&quot;:&quot;classic&quot;}\">\n\t\t\t\t\t<div class=\"e-con-inner\">\n\t\t\t\t<div class=\"elementor-element elementor-element-e4e845c elementor-widget elementor-widget-html\" data-id=\"e4e845c\" data-element_type=\"widget\" data-e-type=\"widget\" data-widget_type=\"html.default\">\n\t\t\t\t<div class=\"elementor-widget-container\">\n\t\t\t\t\t<div id=\"contenedor-reserva\">\n        <script type=\"text\/javascript\" src=\"https:\/\/www.covermanager.com\/js\/iframeResizer.min.js\"><\/script>\n        <iframe id=\"iframe-reserva\" title=\"R\u00e9servations\"\n            src=\"https:\/\/www.covermanager.com\/reservation\/module_restaurant\/restaurante-melrosecafe\/spanish\"\n            allow=\"payment\" frameborder=\"0\" height=\"550\" width=\"100%\" onload=\"iFrameResize();\"><\/iframe>\n\n        <script>\n            document.addEventListener(\"DOMContentLoaded\", function () {\n                var idioma = document.documentElement.lang || \"es\";\n                var iframe = document.getElementById(\"iframe-reserva\");\n                var baseUrl = \"https:\/\/www.covermanager.com\/reservation\/module_restaurant\/restaurante-melrosecafe\/\";\n\n                if (idioma.startsWith(\"fr\")) {\n                    iframe.src = baseUrl + \"french\";\n                } else if (idioma.startsWith(\"en\")) {\n                    iframe.src = baseUrl + \"english\";\n                } else {\n                    iframe.src = baseUrl + \"spanish\";\n                }\n            });\n        <\/script>\n    <\/div>\r\n\t\t\t\t<\/div>\n\t\t\t\t<\/div>\n\t\t\t\t\t<\/div>\n\t\t\t\t<\/div>\n\t\t\t\t<\/div>\n\t\t\t\t\t<\/div>\n\t\t\t\t<\/div>\n\t\t\t\t<\/div>","protected":false},"excerpt":{"rendered":"<p>Reservar Descubre uno de los mejores brunchs de Barcelona en The Melrose Caf\u00e9, el restaurante m\u00e1s visual y creativo del centro. \u00bfD\u00f3nde comer en Barcelona? Aqu\u00ed podr\u00e1s disfrutar de pancakes fluffy, tostadas fusi\u00f3n, huevos Benedict, French toast, matcha latte y c\u00f3cteles visuales en un ambiente floral \u00fanico.\u00a1Reserva tu mesa online y vive el brunch m\u00e1s [&hellip;]<\/p>\n","protected":false},"author":1,"featured_media":0,"parent":0,"menu_order":0,"comment_status":"closed","ping_status":"closed","template":"","meta":{"_joinchat":[],"footnotes":""},"class_list":["post-808","page","type-page","status-publish","hentry"],"_links":{"self":[{"href":"https:\/\/themelrosecafebcn.com\/fr\/wp-json\/wp\/v2\/pages\/808","targetHints":{"allow":["GET"]}}],"collection":[{"href":"https:\/\/themelrosecafebcn.com\/fr\/wp-json\/wp\/v2\/pages"}],"about":[{"href":"https:\/\/themelrosecafebcn.com\/fr\/wp-json\/wp\/v2\/types\/page"}],"author":[{"embeddable":true,"href":"https:\/\/themelrosecafebcn.com\/fr\/wp-json\/wp\/v2\/users\/1"}],"replies":[{"embeddable":true,"href":"https:\/\/themelrosecafebcn.com\/fr\/wp-json\/wp\/v2\/comments?post=808"}],"version-history":[{"count":0,"href":"https:\/\/themelrosecafebcn.com\/fr\/wp-json\/wp\/v2\/pages\/808\/revisions"}],"wp:attachment":[{"href":"https:\/\/themelrosecafebcn.com\/fr\/wp-json\/wp\/v2\/media?parent=808"}],"curies":[{"name":"wp","href":"https:\/\/api.w.org\/{rel}","templated":true}]}}